{"id":7663,"date":"2025-04-03T18:30:57","date_gmt":"2025-04-03T18:30:57","guid":{"rendered":"https:\/\/landhotel.is\/?page_id=7663"},"modified":"2026-03-17T14:00:20","modified_gmt":"2026-03-17T14:00:20","slug":"paskar-2026","status":"publish","type":"page","link":"https:\/\/landhotel.is\/index.php\/paskar-2026","title":{"rendered":"P\u00e1skar 2026"},"content":{"rendered":"\t\t<div data-elementor-type=\"wp-page\" data-elementor-id=\"7663\" class=\"elementor elementor-7663\" data-elementor-post-type=\"page\">\n\t\t\t\t\t\t<section class=\"elementor-section elementor-top-section elementor-element elementor-element-34117a9a elementor-section-full_width elementor-section-height-default elementor-section-height-default\" data-id=\"34117a9a\" data-element_type=\"section\" data-settings=\"{&quot;background_background&quot;:&quot;classic&quot;}\">\n\t\t\t\t\t\t<div class=\"elementor-container elementor-column-gap-default\">\n\t\t\t\t\t<div class=\"elementor-column elementor-col-100 elementor-top-column elementor-element elementor-element-37a730c0\" data-id=\"37a730c0\" data-element_type=\"column\">\n\t\t\t<div class=\"elementor-widget-wrap elementor-element-populated\">\n\t\t\t\t\t\t<div class=\"elementor-element elementor-element-67207e0 elementor-widget elementor-widget-heading\" data-id=\"67207e0\" data-element_type=\"widget\" data-widget_type=\"heading.default\">\n\t\t\t\t<div class=\"elementor-widget-container\">\n\t\t\t\t\t<h2 class=\"elementor-heading-title elementor-size-default\">P\u00e1skar 2026<\/h2>\t\t\t\t<\/div>\n\t\t\t\t<\/div>\n\t\t\t\t<div class=\"elementor-element elementor-element-33a8e17b elementor-widget__width-initial elementor-widget elementor-widget-heading\" data-id=\"33a8e17b\" data-element_type=\"widget\" data-widget_type=\"heading.default\">\n\t\t\t\t<div class=\"elementor-widget-container\">\n\t\t\t\t\t<h2 class=\"elementor-heading-title elementor-size-default\">P\u00e1skatilbo\u00f0 27. Mars -5. Apr\u00edl<\/h2>\t\t\t\t<\/div>\n\t\t\t\t<\/div>\n\t\t\t\t\t<\/div>\n\t\t<\/div>\n\t\t\t\t\t<\/div>\n\t\t<\/section>\n\t\t\t\t<section class=\"elementor-section elementor-top-section elementor-element elementor-element-a6ec87f elementor-section-boxed elementor-section-height-default elementor-section-height-default\" data-id=\"a6ec87f\" data-element_type=\"section\">\n\t\t\t\t\t\t<div class=\"elementor-container elementor-column-gap-default\">\n\t\t\t\t\t<div class=\"elementor-column elementor-col-50 elementor-top-column elementor-element elementor-element-d30eecf\" data-id=\"d30eecf\" data-element_type=\"column\">\n\t\t\t<div class=\"elementor-widget-wrap elementor-element-populated\">\n\t\t\t\t\t\t<div class=\"elementor-element elementor-element-87895ce elementor-widget elementor-widget-icon-box\" data-id=\"87895ce\" data-element_type=\"widget\" data-widget_type=\"icon-box.default\">\n\t\t\t\t<div class=\"elementor-widget-container\">\n\t\t\t\t\t\t\t<div class=\"elementor-icon-box-wrapper\">\n\n\t\t\t\n\t\t\t\t\t\t<div class=\"elementor-icon-box-content\">\n\n\t\t\t\t\t\t\t\t\t<h3 class=\"elementor-icon-box-title\">\n\t\t\t\t\t\t<span  >\n\t\t\t\t\t\t\tver\u00f0 fr\u00e1 49.000kr. *\t\t\t\t\t\t<\/span>\n\t\t\t\t\t<\/h3>\n\t\t\t\t\n\t\t\t\t\t\t\t\t\t<p class=\"elementor-icon-box-description\">\n\t\t\t\t\t\t<p class=\"cvGsUA direction-ltr align-start para-style-body\" style=\"color: rgb(23, 18, 17); font-family: &quot;YADyH1K50I4 0&quot;, _fb_, auto; --cyV3ZQ: 26.6665px; --gJPlXQ: 1.17; letter-spacing: 0.041em; line-height: 31px;\"><span class=\"OYPEnA font-feature-liga-off font-feature-clig-off font-feature-calt-off text-decoration-none text-strikethrough-none\" style=\"font-weight: 400; font-style: normal; font-kerning: none;\">Innifali\u00f0 \u00ed tilbo\u00f0i:<\/span><\/p><p class=\"cvGsUA direction-ltr align-start para-style-body\" style=\"color: rgb(23, 18, 17); font-family: &quot;YADyH1K50I4 0&quot;, _fb_, auto; --cyV3ZQ: 26.6665px; --gJPlXQ: 1.17; letter-spacing: 0.041em; line-height: 31px;\"><\/p><ul><li><span class=\"OYPEnA font-feature-liga-off font-feature-clig-off font-feature-calt-off text-decoration-none text-strikethrough-none\" style=\"color: rgb(23, 18, 17); font-weight: 400; font-style: normal; font-kerning: none;\">Gisting \u00ed eina n\u00f3tt \u00ed Standard herbergi me\u00f0 morgunver\u00f0arhla\u00f0bor\u00f0i<\/span><\/li><li><span class=\"OYPEnA font-feature-liga-off font-feature-clig-off font-feature-calt-off text-decoration-none text-strikethrough-none\" style=\"color: rgb(23, 18, 17); font-weight: 400; font-style: normal; font-kerning: none;\">3ja r\u00e9tta kv\u00f6ldver\u00f0ur fyrir tvo af A-LA-CARTE matse\u00f0li<\/span><\/li><li><span class=\"OYPEnA font-feature-liga-off font-feature-clig-off font-feature-calt-off text-decoration-none text-strikethrough-none\" style=\"color: rgb(23, 18, 17); font-weight: 400; font-style: normal; font-kerning: none;\">A\u00f0gangur a\u00f0 Sauna heilsulind og heitum potti og afnot af sloppum <\/li><li><span class=\"OYPEnA font-feature-liga-off font-feature-clig-off font-feature-calt-off text-decoration-none text-strikethrough-none\" style=\"color: rgb(23, 18, 17); font-weight: 400; font-style: normal; font-kerning: none;\">B\u00f6rn 12 \u00e1ra og yngri gista fr\u00edtt me\u00f0 foreldrum \u00ed herbergi<\/span><\/li><li><span class=\"OYPEnA font-feature-liga-off font-feature-clig-off font-feature-calt-off text-decoration-none text-strikethrough-none\" style=\"color: rgb(23, 18, 17); font-weight: 400; font-style: normal; font-kerning: none;\">B\u00f6rnin f\u00e1 p\u00e1skaegg vi\u00f0 innritun<\/span><\/li><\/ul><b><i>B\u00f3kist me\u00f0 tilbo\u00f0sk\u00f3\u00f0anum<\/i> PASKAR26<\/b><br>ATH! \u00deegar b\u00f3ka\u00f0 er \u00fe\u00e1 skal SLEPPA a\u00f0 setja fj\u00f6lda barna \u00ed leitina.  Vinsamlega setji\u00f0 fj\u00f6lda barna og aldur \u00ed athugasemdir vi\u00f0 b\u00f3kun.\t\t\t\t\t<\/p>\n\t\t\t\t\n\t\t\t<\/div>\n\t\t\t\n\t\t<\/div>\n\t\t\t\t\t\t<\/div>\n\t\t\t\t<\/div>\n\t\t\t\t\t<\/div>\n\t\t<\/div>\n\t\t\t\t<div class=\"elementor-column elementor-col-50 elementor-top-column elementor-element elementor-element-7cfad4b\" data-id=\"7cfad4b\" data-element_type=\"column\">\n\t\t\t<div class=\"elementor-widget-wrap elementor-element-populated\">\n\t\t\t\t\t\t<div class=\"elementor-element elementor-element-5b3a913 elementor-widget elementor-widget-text-editor\" data-id=\"5b3a913\" data-element_type=\"widget\" data-widget_type=\"text-editor.default\">\n\t\t\t\t<div class=\"elementor-widget-container\">\n\t\t\t\t\t\t\t\t\t<p><b>Standard herbergi 23 fm<\/b> r\u00famar 2 fullor\u00f0na og eitt barn 2+ me\u00f0 aukabedda, einnig er h\u00e6gt a\u00f0 b\u00e6ta vi\u00f0 barnar\u00fami fyrir 0-2 \u00e1ra.<\/p><p><b>Superior herbergi 25 fm<\/b> r\u00famar 2 fullor\u00f0na og eitt barn 2+ me\u00f0 aukabedda, einnig er h\u00e6gt a\u00f0 b\u00e6ta vi\u00f0 barnar\u00fami fyrir 0-2 \u00e1ra<\/p><p><b>Fj\u00f6lskyldu herbergi 30 fm<\/b> r\u00famar 2 fullor\u00f0na og me\u00f0 eftirfarandi uppsetningu:<\/p><ul><li>3 b\u00f6rn, \u00fear sem 2 ung b\u00f6rn geta sofi\u00f0 saman \u00ed s\u00f3far\u00faminu og aukabeddi fyrir \u00fea\u00f0 \u00feri\u00f0ja\u00a0<\/li><li>2 eldri b\u00f6rn \u00fear sem anna\u00f0 sefur \u00ed s\u00f3far\u00faminu og hitt \u00e1 aukabedda<\/li><\/ul>\t\t\t\t\t\t\t\t<\/div>\n\t\t\t\t<\/div>\n\t\t\t\t<div class=\"elementor-element elementor-element-389aaf8 elementor-widget elementor-widget-text-editor\" data-id=\"389aaf8\" data-element_type=\"widget\" data-widget_type=\"text-editor.default\">\n\t\t\t\t<div class=\"elementor-widget-container\">\n\t\t\t\t\t\t\t\t\t<p><em>*Gistin\u00e1ttaskattur er ekki innifalinn \u00ed ver\u00f0i og er 800 kr. per herbergi per n\u00f3tt.<\/em><\/p>\t\t\t\t\t\t\t\t<\/div>\n\t\t\t\t<\/div>\n\t\t\t\t\t<\/div>\n\t\t<\/div>\n\t\t\t\t\t<\/div>\n\t\t<\/section>\n\t\t\t\t<section class=\"elementor-section elementor-top-section elementor-element elementor-element-2c2d175 elementor-section-boxed elementor-section-height-default elementor-section-height-default\" data-id=\"2c2d175\" data-element_type=\"section\">\n\t\t\t\t\t\t<div class=\"elementor-container elementor-column-gap-default\">\n\t\t\t\t\t<div class=\"elementor-column elementor-col-100 elementor-top-column elementor-element elementor-element-addf3df\" data-id=\"addf3df\" data-element_type=\"column\" data-settings=\"{&quot;background_background&quot;:&quot;slideshow&quot;,&quot;background_slideshow_gallery&quot;:[{&quot;id&quot;:8454,&quot;url&quot;:&quot;https:\\\/\\\/landhotel.is\\\/wp-content\\\/uploads\\\/2026\\\/03\\\/easter-image.jpg&quot;}],&quot;background_slideshow_loop&quot;:&quot;yes&quot;,&quot;background_slideshow_slide_duration&quot;:5000,&quot;background_slideshow_slide_transition&quot;:&quot;fade&quot;,&quot;background_slideshow_transition_duration&quot;:500}\">\n\t\t\t<div class=\"elementor-widget-wrap elementor-element-populated\">\n\t\t\t\t\t\t<div class=\"elementor-element elementor-element-10a7ed1 elementor-widget elementor-widget-heading\" data-id=\"10a7ed1\" data-element_type=\"widget\" data-widget_type=\"heading.default\">\n\t\t\t\t<div class=\"elementor-widget-container\">\n\t\t\t\t\t<h2 class=\"elementor-heading-title elementor-size-default\">ENGLISH<\/h2>\t\t\t\t<\/div>\n\t\t\t\t<\/div>\n\t\t\t\t\t<\/div>\n\t\t<\/div>\n\t\t\t\t\t<\/div>\n\t\t<\/section>\n\t\t\t\t<section class=\"elementor-section elementor-top-section elementor-element elementor-element-23deff7 elementor-section-boxed elementor-section-height-default elementor-section-height-default\" data-id=\"23deff7\" data-element_type=\"section\">\n\t\t\t\t\t\t<div class=\"elementor-container elementor-column-gap-default\">\n\t\t\t\t\t<div class=\"elementor-column elementor-col-100 elementor-top-column elementor-element elementor-element-e161e7a\" data-id=\"e161e7a\" data-element_type=\"column\">\n\t\t\t<div class=\"elementor-widget-wrap elementor-element-populated\">\n\t\t\t\t\t\t<div class=\"elementor-element elementor-element-557dffa elementor-widget__width-initial elementor-widget elementor-widget-heading\" data-id=\"557dffa\" data-element_type=\"widget\" data-widget_type=\"heading.default\">\n\t\t\t\t<div class=\"elementor-widget-container\">\n\t\t\t\t\t<h2 class=\"elementor-heading-title elementor-size-default\">Easter offer 27. March -5. April<\/h2>\t\t\t\t<\/div>\n\t\t\t\t<\/div>\n\t\t\t\t\t<\/div>\n\t\t<\/div>\n\t\t\t\t\t<\/div>\n\t\t<\/section>\n\t\t\t\t<section class=\"elementor-section elementor-top-section elementor-element elementor-element-df92009 elementor-section-boxed elementor-section-height-default elementor-section-height-default\" data-id=\"df92009\" data-element_type=\"section\">\n\t\t\t\t\t\t<div class=\"elementor-container elementor-column-gap-default\">\n\t\t\t\t\t<div class=\"elementor-column elementor-col-50 elementor-top-column elementor-element elementor-element-93b0b5d\" data-id=\"93b0b5d\" data-element_type=\"column\">\n\t\t\t<div class=\"elementor-widget-wrap elementor-element-populated\">\n\t\t\t\t\t\t<div class=\"elementor-element elementor-element-4d53c18 elementor-widget elementor-widget-icon-box\" data-id=\"4d53c18\" data-element_type=\"widget\" data-widget_type=\"icon-box.default\">\n\t\t\t\t<div class=\"elementor-widget-container\">\n\t\t\t\t\t\t\t<div class=\"elementor-icon-box-wrapper\">\n\n\t\t\t\n\t\t\t\t\t\t<div class=\"elementor-icon-box-content\">\n\n\t\t\t\t\t\t\t\t\t<h3 class=\"elementor-icon-box-title\">\n\t\t\t\t\t\t<span  >\n\t\t\t\t\t\t\tprice from 49.000kr. *\t\t\t\t\t\t<\/span>\n\t\t\t\t\t<\/h3>\n\t\t\t\t\n\t\t\t\t\t\t\t\t\t<p class=\"elementor-icon-box-description\">\n\t\t\t\t\t\t<p class=\"cvGsUA direction-ltr align-start para-style-body\" style=\"color: rgb(23, 18, 17); font-family: &quot;YADyH1K50I4 0&quot;, _fb_, auto; --cyV3ZQ: 26.6665px; --gJPlXQ: 1.17; letter-spacing: 0.041em; line-height: 31px;\"><span class=\"OYPEnA font-feature-liga-off font-feature-clig-off font-feature-calt-off text-decoration-none text-strikethrough-none\" style=\"font-weight: 400; font-style: normal; font-kerning: none;\">Included in offer:<\/span><\/p><p class=\"cvGsUA direction-ltr align-start para-style-body\" style=\"color: rgb(23, 18, 17); font-family: &quot;YADyH1K50I4 0&quot;, _fb_, auto; --cyV3ZQ: 26.6665px; --gJPlXQ: 1.17; letter-spacing: 0.041em; line-height: 31px;\"><\/p><ul><li><span class=\"OYPEnA font-feature-liga-off font-feature-clig-off font-feature-calt-off text-decoration-none text-strikethrough-none\" style=\"color: rgb(23, 18, 17); font-weight: 400; font-style: normal; font-kerning: none;\">Accommodation in DBL Standard room for one night including breakfast<\/span><\/li><li><span class=\"OYPEnA font-feature-liga-off font-feature-clig-off font-feature-calt-off text-decoration-none text-strikethrough-none\" style=\"color: rgb(23, 18, 17); font-weight: 400; font-style: normal; font-kerning: none;\">3 course dinner from our A-LA-CARTE menu for two<\/span><\/li><li><span class=\"OYPEnA font-feature-liga-off font-feature-clig-off font-feature-calt-off text-decoration-none text-strikethrough-none\" style=\"color: rgb(23, 18, 17); font-weight: 400; font-style: normal; font-kerning: none;\">Access to our Sauna Wellness area and hot tub, includes use of bathrobes <\/li><li><span class=\"OYPEnA font-feature-liga-off font-feature-clig-off font-feature-calt-off text-decoration-none text-strikethrough-none\" style=\"color: rgb(23, 18, 17); font-weight: 400; font-style: normal; font-kerning: none;\">Children 12 years and younger stay for free with parents<\/span><\/li><li><span class=\"OYPEnA font-feature-liga-off font-feature-clig-off font-feature-calt-off text-decoration-none text-strikethrough-none\" style=\"color: rgb(23, 18, 17); font-weight: 400; font-style: normal; font-kerning: none;\">Children get an easter egg at check-in<\/span><\/li><\/ul><b><i>Book with offer\/voucher code<\/i> EASTER26<\/b><br>Note! Do not add number of children in search when booking, add this information and age of children in comments of booking.\t\t\t\t\t<\/p>\n\t\t\t\t\n\t\t\t<\/div>\n\t\t\t\n\t\t<\/div>\n\t\t\t\t\t\t<\/div>\n\t\t\t\t<\/div>\n\t\t\t\t\t<\/div>\n\t\t<\/div>\n\t\t\t\t<div class=\"elementor-column elementor-col-50 elementor-top-column elementor-element elementor-element-9fe7f81\" data-id=\"9fe7f81\" data-element_type=\"column\">\n\t\t\t<div class=\"elementor-widget-wrap elementor-element-populated\">\n\t\t\t\t\t\t<div class=\"elementor-element elementor-element-efdb7cf elementor-widget elementor-widget-text-editor\" data-id=\"efdb7cf\" data-element_type=\"widget\" data-widget_type=\"text-editor.default\">\n\t\t\t\t<div class=\"elementor-widget-container\">\n\t\t\t\t\t\t\t\t\t<p><b>Standard room 23 sqm <\/b>fits well for 2 adults and one child with a rollaway bed.\u00a0 Also a cot for child 0-2 years old can be added<\/p><p><b>Superior room 25 sqm<\/b>\u00a0fits well for 2 adults and 2 children with a rollaway bed.<\/p><p><b>Family room\u00a0 30 sqm fits well for 2 adults and as follows:<\/b><\/p><ul><li>3 children, 2 young children can sleep in sofa bed and an extra rollaway for the 3rd<\/li><li>2 older children (10 years and older) one in sofa bed and one on rollaway bed<\/li><\/ul>\t\t\t\t\t\t\t\t<\/div>\n\t\t\t\t<\/div>\n\t\t\t\t<div class=\"elementor-element elementor-element-d8aa548 elementor-widget elementor-widget-text-editor\" data-id=\"d8aa548\" data-element_type=\"widget\" data-widget_type=\"text-editor.default\">\n\t\t\t\t<div class=\"elementor-widget-container\">\n\t\t\t\t\t\t\t\t\t<p><em>*City tax of 800 ikr per room per night is not included<\/em><\/p>\t\t\t\t\t\t\t\t<\/div>\n\t\t\t\t<\/div>\n\t\t\t\t\t<\/div>\n\t\t<\/div>\n\t\t\t\t\t<\/div>\n\t\t<\/section>\n\t\t\t\t<footer class=\"elementor-section elementor-top-section elementor-element elementor-element-572ab17c elementor-section-full_width elementor-section-height-min-height elementor-section-items-stretch elementor-section-content-middle elementor-section-height-default\" data-id=\"572ab17c\" data-element_type=\"section\">\n\t\t\t\t\t\t<div class=\"elementor-container elementor-column-gap-default\">\n\t\t\t\t\t<div class=\"elementor-column elementor-col-50 elementor-top-column elementor-element elementor-element-7bf51377\" data-id=\"7bf51377\" data-element_type=\"column\" data-settings=\"{&quot;background_background&quot;:&quot;classic&quot;}\">\n\t\t\t<div class=\"elementor-widget-wrap\">\n\t\t\t\t\t\t\t<\/div>\n\t\t<\/div>\n\t\t\t\t<div class=\"elementor-column elementor-col-50 elementor-top-column elementor-element elementor-element-f1a3b2e\" data-id=\"f1a3b2e\" data-element_type=\"column\" data-settings=\"{&quot;background_background&quot;:&quot;classic&quot;}\">\n\t\t\t<div class=\"elementor-widget-wrap elementor-element-populated\">\n\t\t\t\t\t\t<div class=\"elementor-element elementor-element-6095c0ee elementor-widget elementor-widget-text-editor\" data-id=\"6095c0ee\" data-element_type=\"widget\" data-widget_type=\"text-editor.default\">\n\t\t\t\t<div class=\"elementor-widget-container\">\n\t\t\t\t\t\t\t\t\t<p><span style=\"color: #9aa8ba;\"><b>Hafi\u00f0 samband \/ Contact Us<\/b><\/span><br \/><span style=\"color: #9aa8ba;\"><strong>s\u00edmi\/phone :<\/strong><\/span> +354 558-0550\u00a0 \u00a0 <span style=\"color: #9aa8ba;\"><strong>netfang\/email:<\/strong> booking@landhotel.is<\/span><\/p>\t\t\t\t\t\t\t\t<\/div>\n\t\t\t\t<\/div>\n\t\t\t\t\t<\/div>\n\t\t<\/div>\n\t\t\t\t\t<\/div>\n\t\t<\/footer>\n\t\t\t\t<\/div>\n\t\t","protected":false},"excerpt":{"rendered":"<p>P\u00e1skar 2026 P\u00e1skatilbo\u00f0 27. Mars -5. Apr\u00edl ver\u00f0 fr\u00e1 49.000kr. * Innifali\u00f0 \u00ed tilbo\u00f0i: Gisting \u00ed eina n\u00f3tt \u00ed Standard herbergi me\u00f0 morgunver\u00f0arhla\u00f0bor\u00f0i 3ja r\u00e9tta kv\u00f6ldver\u00f0ur fyrir tvo af A-LA-CARTE matse\u00f0li A\u00f0gangur a\u00f0 Sauna heilsulind og heitum potti og afnot af sloppum B\u00f6rn 12 \u00e1ra og yngri gista fr\u00edtt me\u00f0 foreldrum \u00ed herbergi B\u00f6rnin f\u00e1<\/p>\n<a href=\"https:\/\/landhotel.is\/index.php\/paskar-2026\" class=\"more-link\">Read More<\/a>","protected":false},"author":1,"featured_media":0,"parent":0,"menu_order":0,"comment_status":"closed","ping_status":"closed","template":"elementor_header_footer","meta":{"footnotes":""},"class_list":["post-7663","page","type-page","status-publish","hentry"],"yoast_head":"<!-- This site is optimized with the Yoast SEO Premium plugin v22.8 (Yoast SEO v24.3) - https:\/\/yoast.com\/wordpress\/plugins\/seo\/ -->\n<title>P\u00e1skar 2026 - Landhotel<\/title>\n<meta name=\"description\" content=\"P\u00e1skatilbo\u00f0 fyrir fj\u00f6lskylduna yfir p\u00e1skana 2026. Nj\u00f3ti\u00f0 samverunnar me\u00f0 fj\u00f6lskyldunni \u00ed notalegu umhverfi.\" \/>\n<meta name=\"robots\" content=\"index, follow, max-snippet:-1, max-image-preview:large, max-video-preview:-1\" \/>\n<link rel=\"canonical\" href=\"https:\/\/landhotel.is\/index.php\/paskar-2026\" \/>\n<meta property=\"og:locale\" content=\"en_US\" \/>\n<meta property=\"og:type\" content=\"article\" \/>\n<meta property=\"og:title\" content=\"P\u00e1skar 2026\" \/>\n<meta property=\"og:description\" content=\"P\u00e1skatilbo\u00f0 fyrir fj\u00f6lskylduna yfir p\u00e1skana 2026. Nj\u00f3ti\u00f0 samverunnar me\u00f0 fj\u00f6lskyldunni \u00ed notalegu umhverfi.\" \/>\n<meta property=\"og:url\" content=\"https:\/\/landhotel.is\/index.php\/paskar-2026\" \/>\n<meta property=\"og:site_name\" content=\"Landhotel\" \/>\n<meta property=\"article:publisher\" content=\"https:\/\/www.facebook.com\/landhotel.is\/\" \/>\n<meta property=\"article:modified_time\" content=\"2026-03-17T14:00:20+00:00\" \/>\n<meta property=\"og:image\" content=\"https:\/\/landhotel.is\/wp-content\/uploads\/2026\/03\/easter-image.jpg\" \/>\n\t<meta property=\"og:image:width\" content=\"1920\" \/>\n\t<meta property=\"og:image:height\" content=\"1080\" \/>\n\t<meta property=\"og:image:type\" content=\"image\/jpeg\" \/>\n<meta name=\"twitter:label1\" content=\"Est. reading time\" \/>\n\t<meta name=\"twitter:data1\" content=\"1 minute\" \/>\n<script type=\"application\/ld+json\" class=\"yoast-schema-graph\">{\"@context\":\"https:\/\/schema.org\",\"@graph\":[{\"@type\":\"WebPage\",\"@id\":\"https:\/\/landhotel.is\/index.php\/paskar-2026\",\"url\":\"https:\/\/landhotel.is\/index.php\/paskar-2026\",\"name\":\"P\u00e1skar 2026 - Landhotel\",\"isPartOf\":{\"@id\":\"https:\/\/landhotel.is\/#website\"},\"datePublished\":\"2025-04-03T18:30:57+00:00\",\"dateModified\":\"2026-03-17T14:00:20+00:00\",\"description\":\"P\u00e1skatilbo\u00f0 fyrir fj\u00f6lskylduna yfir p\u00e1skana 2026. Nj\u00f3ti\u00f0 samverunnar me\u00f0 fj\u00f6lskyldunni \u00ed notalegu umhverfi.\",\"breadcrumb\":{\"@id\":\"https:\/\/landhotel.is\/index.php\/paskar-2026#breadcrumb\"},\"inLanguage\":\"en-US\",\"potentialAction\":[{\"@type\":\"ReadAction\",\"target\":[\"https:\/\/landhotel.is\/index.php\/paskar-2026\"]}]},{\"@type\":\"BreadcrumbList\",\"@id\":\"https:\/\/landhotel.is\/index.php\/paskar-2026#breadcrumb\",\"itemListElement\":[{\"@type\":\"ListItem\",\"position\":1,\"name\":\"Home\",\"item\":\"https:\/\/landhotel.is\/\"},{\"@type\":\"ListItem\",\"position\":2,\"name\":\"P\u00e1skar 2026\"}]},{\"@type\":\"WebSite\",\"@id\":\"https:\/\/landhotel.is\/#website\",\"url\":\"https:\/\/landhotel.is\/\",\"name\":\"Landhotel\",\"description\":\"\",\"publisher\":{\"@id\":\"https:\/\/landhotel.is\/#organization\"},\"potentialAction\":[{\"@type\":\"SearchAction\",\"target\":{\"@type\":\"EntryPoint\",\"urlTemplate\":\"https:\/\/landhotel.is\/?s={search_term_string}\"},\"query-input\":{\"@type\":\"PropertyValueSpecification\",\"valueRequired\":true,\"valueName\":\"search_term_string\"}}],\"inLanguage\":\"en-US\"},{\"@type\":\"Organization\",\"@id\":\"https:\/\/landhotel.is\/#organization\",\"name\":\"Landhotel\",\"url\":\"https:\/\/landhotel.is\/\",\"logo\":{\"@type\":\"ImageObject\",\"inLanguage\":\"en-US\",\"@id\":\"https:\/\/landhotel.is\/#\/schema\/logo\/image\/\",\"url\":\"https:\/\/landhotel.is\/wp-content\/uploads\/2020\/01\/logo-large-0000.png\",\"contentUrl\":\"https:\/\/landhotel.is\/wp-content\/uploads\/2020\/01\/logo-large-0000.png\",\"width\":622,\"height\":318,\"caption\":\"Landhotel\"},\"image\":{\"@id\":\"https:\/\/landhotel.is\/#\/schema\/logo\/image\/\"},\"sameAs\":[\"https:\/\/www.facebook.com\/landhotel.is\/\",\"https:\/\/www.instagram.com\/landhotel_is\/\",\"https:\/\/www.linkedin.com\/company\/landhotel-iceland\"]}]}<\/script>\n<!-- \/ Yoast SEO Premium plugin. -->","yoast_head_json":{"title":"P\u00e1skar 2026 - Landhotel","description":"P\u00e1skatilbo\u00f0 fyrir fj\u00f6lskylduna yfir p\u00e1skana 2026. Nj\u00f3ti\u00f0 samverunnar me\u00f0 fj\u00f6lskyldunni \u00ed notalegu umhverfi.","robots":{"index":"index","follow":"follow","max-snippet":"max-snippet:-1","max-image-preview":"max-image-preview:large","max-video-preview":"max-video-preview:-1"},"canonical":"https:\/\/landhotel.is\/index.php\/paskar-2026","og_locale":"en_US","og_type":"article","og_title":"P\u00e1skar 2026","og_description":"P\u00e1skatilbo\u00f0 fyrir fj\u00f6lskylduna yfir p\u00e1skana 2026. Nj\u00f3ti\u00f0 samverunnar me\u00f0 fj\u00f6lskyldunni \u00ed notalegu umhverfi.","og_url":"https:\/\/landhotel.is\/index.php\/paskar-2026","og_site_name":"Landhotel","article_publisher":"https:\/\/www.facebook.com\/landhotel.is\/","article_modified_time":"2026-03-17T14:00:20+00:00","og_image":[{"width":1920,"height":1080,"url":"https:\/\/landhotel.is\/wp-content\/uploads\/2026\/03\/easter-image.jpg","type":"image\/jpeg"}],"twitter_misc":{"Est. reading time":"1 minute"},"schema":{"@context":"https:\/\/schema.org","@graph":[{"@type":"WebPage","@id":"https:\/\/landhotel.is\/index.php\/paskar-2026","url":"https:\/\/landhotel.is\/index.php\/paskar-2026","name":"P\u00e1skar 2026 - Landhotel","isPartOf":{"@id":"https:\/\/landhotel.is\/#website"},"datePublished":"2025-04-03T18:30:57+00:00","dateModified":"2026-03-17T14:00:20+00:00","description":"P\u00e1skatilbo\u00f0 fyrir fj\u00f6lskylduna yfir p\u00e1skana 2026. Nj\u00f3ti\u00f0 samverunnar me\u00f0 fj\u00f6lskyldunni \u00ed notalegu umhverfi.","breadcrumb":{"@id":"https:\/\/landhotel.is\/index.php\/paskar-2026#breadcrumb"},"inLanguage":"en-US","potentialAction":[{"@type":"ReadAction","target":["https:\/\/landhotel.is\/index.php\/paskar-2026"]}]},{"@type":"BreadcrumbList","@id":"https:\/\/landhotel.is\/index.php\/paskar-2026#breadcrumb","itemListElement":[{"@type":"ListItem","position":1,"name":"Home","item":"https:\/\/landhotel.is\/"},{"@type":"ListItem","position":2,"name":"P\u00e1skar 2026"}]},{"@type":"WebSite","@id":"https:\/\/landhotel.is\/#website","url":"https:\/\/landhotel.is\/","name":"Landhotel","description":"","publisher":{"@id":"https:\/\/landhotel.is\/#organization"},"potentialAction":[{"@type":"SearchAction","target":{"@type":"EntryPoint","urlTemplate":"https:\/\/landhotel.is\/?s={search_term_string}"},"query-input":{"@type":"PropertyValueSpecification","valueRequired":true,"valueName":"search_term_string"}}],"inLanguage":"en-US"},{"@type":"Organization","@id":"https:\/\/landhotel.is\/#organization","name":"Landhotel","url":"https:\/\/landhotel.is\/","logo":{"@type":"ImageObject","inLanguage":"en-US","@id":"https:\/\/landhotel.is\/#\/schema\/logo\/image\/","url":"https:\/\/landhotel.is\/wp-content\/uploads\/2020\/01\/logo-large-0000.png","contentUrl":"https:\/\/landhotel.is\/wp-content\/uploads\/2020\/01\/logo-large-0000.png","width":622,"height":318,"caption":"Landhotel"},"image":{"@id":"https:\/\/landhotel.is\/#\/schema\/logo\/image\/"},"sameAs":["https:\/\/www.facebook.com\/landhotel.is\/","https:\/\/www.instagram.com\/landhotel_is\/","https:\/\/www.linkedin.com\/company\/landhotel-iceland"]}]}},"_links":{"self":[{"href":"https:\/\/landhotel.is\/index.php\/wp-json\/wp\/v2\/pages\/7663","targetHints":{"allow":["GET"]}}],"collection":[{"href":"https:\/\/landhotel.is\/index.php\/wp-json\/wp\/v2\/pages"}],"about":[{"href":"https:\/\/landhotel.is\/index.php\/wp-json\/wp\/v2\/types\/page"}],"author":[{"embeddable":true,"href":"https:\/\/landhotel.is\/index.php\/wp-json\/wp\/v2\/users\/1"}],"replies":[{"embeddable":true,"href":"https:\/\/landhotel.is\/index.php\/wp-json\/wp\/v2\/comments?post=7663"}],"version-history":[{"count":28,"href":"https:\/\/landhotel.is\/index.php\/wp-json\/wp\/v2\/pages\/7663\/revisions"}],"predecessor-version":[{"id":8484,"href":"https:\/\/landhotel.is\/index.php\/wp-json\/wp\/v2\/pages\/7663\/revisions\/8484"}],"wp:attachment":[{"href":"https:\/\/landhotel.is\/index.php\/wp-json\/wp\/v2\/media?parent=7663"}],"curies":[{"name":"wp","href":"https:\/\/api.w.org\/{rel}","templated":true}]}}