{"id":6412,"date":"2023-11-29T13:52:32","date_gmt":"2023-11-29T13:52:32","guid":{"rendered":"https:\/\/landhotel.is\/?page_id=6412"},"modified":"2025-09-23T19:44:55","modified_gmt":"2025-09-23T19:44:55","slug":"jolahladbord-2025","status":"publish","type":"page","link":"https:\/\/landhotel.is\/index.php\/jolahladbord-2025","title":{"rendered":"J\u00f3lahla\u00f0bor\u00f0 2025"},"content":{"rendered":"\t\t<div data-elementor-type=\"wp-page\" data-elementor-id=\"6412\" class=\"elementor elementor-6412\" data-elementor-post-type=\"page\">\n\t\t\t\t\t\t<section class=\"elementor-section elementor-top-section elementor-element elementor-element-c4d0745 elementor-section-full_width elementor-section-height-default elementor-section-height-default\" data-id=\"c4d0745\" data-element_type=\"section\">\n\t\t\t\t\t\t\t<div class=\"elementor-background-overlay\"><\/div>\n\t\t\t\t\t\t\t<div class=\"elementor-container elementor-column-gap-no\">\n\t\t\t\t\t<div class=\"elementor-column elementor-col-100 elementor-top-column elementor-element elementor-element-21af546\" data-id=\"21af546\" data-element_type=\"column\">\n\t\t\t<div class=\"elementor-widget-wrap elementor-element-populated\">\n\t\t\t\t\t\t<div class=\"elementor-element elementor-element-fd277b8 elementor-widget elementor-widget-image\" data-id=\"fd277b8\" data-element_type=\"widget\" data-widget_type=\"image.default\">\n\t\t\t\t<div class=\"elementor-widget-container\">\n\t\t\t\t\t\t\t\t\t\t\t\t\t\t\t<img fetchpriority=\"high\" decoding=\"async\" width=\"1080\" height=\"1080\" src=\"https:\/\/landhotel.is\/wp-content\/uploads\/2025\/09\/Copy-of-jolahladbord-2025-square-1.png\" class=\"attachment-full size-full wp-image-7996\" alt=\"\" srcset=\"https:\/\/landhotel.is\/wp-content\/uploads\/2025\/09\/Copy-of-jolahladbord-2025-square-1.png 1080w, https:\/\/landhotel.is\/wp-content\/uploads\/2025\/09\/Copy-of-jolahladbord-2025-square-1-300x300.png 300w, https:\/\/landhotel.is\/wp-content\/uploads\/2025\/09\/Copy-of-jolahladbord-2025-square-1-150x150.png 150w, https:\/\/landhotel.is\/wp-content\/uploads\/2025\/09\/Copy-of-jolahladbord-2025-square-1-768x768.png 768w, https:\/\/landhotel.is\/wp-content\/uploads\/2025\/09\/Copy-of-jolahladbord-2025-square-1-100x100.png 100w, https:\/\/landhotel.is\/wp-content\/uploads\/2025\/09\/Copy-of-jolahladbord-2025-square-1-82x82.png 82w, https:\/\/landhotel.is\/wp-content\/uploads\/2025\/09\/Copy-of-jolahladbord-2025-square-1-80x80.png 80w\" sizes=\"(max-width: 1080px) 100vw, 1080px\" \/>\t\t\t\t\t\t\t\t\t\t\t\t\t\t\t<\/div>\n\t\t\t\t<\/div>\n\t\t\t\t\t<\/div>\n\t\t<\/div>\n\t\t\t\t\t<\/div>\n\t\t<\/section>\n\t\t\t\t<section class=\"elementor-section elementor-top-section elementor-element elementor-element-9e43821 elementor-section-boxed elementor-section-height-default elementor-section-height-default\" data-id=\"9e43821\" data-element_type=\"section\">\n\t\t\t\t\t\t\t<div class=\"elementor-background-overlay\"><\/div>\n\t\t\t\t\t\t\t<div class=\"elementor-container elementor-column-gap-no\">\n\t\t\t\t\t<div class=\"elementor-column elementor-col-100 elementor-top-column elementor-element elementor-element-0ba497b\" data-id=\"0ba497b\" data-element_type=\"column\" data-settings=\"{&quot;background_background&quot;:&quot;classic&quot;}\">\n\t\t\t<div class=\"elementor-widget-wrap elementor-element-populated\">\n\t\t\t\t\t\t<div class=\"elementor-element elementor-element-81de704 elementor-widget elementor-widget-heading\" data-id=\"81de704\" data-element_type=\"widget\" data-widget_type=\"heading.default\">\n\t\t\t\t<div class=\"elementor-widget-container\">\n\t\t\t\t\t<h2 class=\"elementor-heading-title elementor-size-default\">hi\u00f0 formlega bo\u00f0skort \u00ed j\u00f3lagle\u00f0i og h\u00e1t\u00ed\u00f0arskap<\/h2>\t\t\t\t<\/div>\n\t\t\t\t<\/div>\n\t\t\t\t<div class=\"elementor-element elementor-element-7538b5d elementor-widget elementor-widget-heading\" data-id=\"7538b5d\" data-element_type=\"widget\" data-widget_type=\"heading.default\">\n\t\t\t\t<div class=\"elementor-widget-container\">\n\t\t\t\t\t<h2 class=\"elementor-heading-title elementor-size-default\">J\u00d3LAHLA\u00d0BOR\u00d0 \u00c1 LANDH\u00d3TELI 2025<\/h2>\t\t\t\t<\/div>\n\t\t\t\t<\/div>\n\t\t\t\t<div class=\"elementor-element elementor-element-4a846d7 elementor-widget elementor-widget-heading\" data-id=\"4a846d7\" data-element_type=\"widget\" data-widget_type=\"heading.default\">\n\t\t\t\t<div class=\"elementor-widget-container\">\n\t\t\t\t\t<h4 class=\"elementor-heading-title elementor-size-default\">Vir\u00f0ulegi gestur,<\/h4>\t\t\t\t<\/div>\n\t\t\t\t<\/div>\n\t\t\t\t<div class=\"elementor-element elementor-element-a03d689 elementor-widget elementor-widget-text-editor\" data-id=\"a03d689\" data-element_type=\"widget\" data-widget_type=\"text-editor.default\">\n\t\t\t\t<div class=\"elementor-widget-container\">\n\t\t\t\t\t\t\t\t\t<p>Me\u00f0 mikilli gle\u00f0i bj\u00f3\u00f0um vi\u00f0 \u00fe\u00e9r og \u00fe\u00ednum a\u00f0 taka \u00fe\u00e1tt \u00ed hinni \u00e1rlegu j\u00f3lahef\u00f0 okkar \u2013 hinu s\u00edvins\u00e6la\u00a0<strong>J\u00f3lahla\u00f0bor\u00f0i \u00e1 Landh\u00f3teli sem er \u00ed samvinnu me\u00f0 snillingunum \u00ed M\u00falakaffi.<\/strong><\/p>\t\t\t\t\t\t\t\t<\/div>\n\t\t\t\t<\/div>\n\t\t\t\t<div class=\"elementor-element elementor-element-1cb6b9c elementor-widget elementor-widget-heading\" data-id=\"1cb6b9c\" data-element_type=\"widget\" data-widget_type=\"heading.default\">\n\t\t\t\t<div class=\"elementor-widget-container\">\n\t\t\t\t\t<h4 class=\"elementor-heading-title elementor-size-default\">dagsetningar<\/h4>\t\t\t\t<\/div>\n\t\t\t\t<\/div>\n\t\t\t\t<div class=\"elementor-element elementor-element-b68d3f9 elementor-widget elementor-widget-text-editor\" data-id=\"b68d3f9\" data-element_type=\"widget\" data-widget_type=\"text-editor.default\">\n\t\t\t\t<div class=\"elementor-widget-container\">\n\t\t\t\t\t\t\t\t\t<p>Vi\u00f0 bj\u00f3\u00f0um upp \u00e1 \u00feessa einst\u00f6ku matarupplifun alla laugardaga fr\u00e1 <strong>8. n\u00f3vember til og me\u00f0 13. desember 2025\u00a0<\/strong><\/p><p>J\u00f3lahla\u00f0bor\u00f0i\u00f0 hefst kl. 20:00 \u00feessi kv\u00f6ld.<\/p><p><strong>Ver\u00f0skr\u00e1<\/strong><\/p><ul><li><strong>J\u00f3lahla\u00f0bor\u00f0 eing\u00f6ngu:<\/strong>\u00a014.900 kr\u00f3nur \u00e1 mann<\/li><li><strong>Gistipakki fyrir tvo:<\/strong>\u00a059.700 kr\u00f3nur<br \/><em>(Standard tv\u00edb\u00fdli me\u00f0 morgunver\u00f0i og j\u00f3lahla\u00f0bor\u00f0i)<\/em><\/li><\/ul><p><strong>Innifali\u00f0 \u00ed gistingu<\/strong><\/p><p>Auk hins r\u00edkulega j\u00f3lahla\u00f0bor\u00f0s nj\u00f3ti\u00f0 \u00fei\u00f0 a\u00f0gangs a\u00f0:<\/p><ul><li><strong>Sauna Spa<\/strong>\u00a0me\u00f0 \u00f6llum \u00fe\u00e6gindum<\/li><li><strong>Heitum potti<\/strong>\u00a0til sl\u00f6kunar<\/li><li><strong>Sloppum<\/strong>\u00a0til afnota<\/li><\/ul>\t\t\t\t\t\t\t\t<\/div>\n\t\t\t\t<\/div>\n\t\t\t\t<div class=\"elementor-element elementor-element-475fb83 elementor-widget elementor-widget-heading\" data-id=\"475fb83\" data-element_type=\"widget\" data-widget_type=\"heading.default\">\n\t\t\t\t<div class=\"elementor-widget-container\">\n\t\t\t\t\t<h4 class=\"elementor-heading-title elementor-size-default\">h\u00e1t\u00ed\u00f0arstemning<\/h4>\t\t\t\t<\/div>\n\t\t\t\t<\/div>\n\t\t\t\t<div class=\"elementor-element elementor-element-aa39b6c elementor-widget elementor-widget-text-editor\" data-id=\"aa39b6c\" data-element_type=\"widget\" data-widget_type=\"text-editor.default\">\n\t\t\t\t<div class=\"elementor-widget-container\">\n\t\t\t\t\t\t\t\t\t<p><span style=\"font-family: 'Roboto Slab', sans-serif; font-size: 16px; font-style: normal; font-variant-ligatures: normal; font-variant-caps: normal; font-weight: 400;\">Til a\u00f0 kr\u00fdna kv\u00f6ldi\u00f0 mun hin eftirs\u00f3tta <\/span><span style=\"font-weight: bolder; font-family: 'Roboto Slab', sans-serif; font-size: 16px; font-style: normal; font-variant-ligatures: normal; font-variant-caps: normal;\">Fr\u00ed\u00f0a Hansen tr\u00fabator<\/span><span style=\"font-family: 'Roboto Slab', sans-serif; font-size: 16px; font-style: normal; font-variant-ligatures: normal; font-variant-caps: normal; font-weight: 400;\"> sj\u00e1 til \u00feess a\u00f0 h\u00e1t\u00ed\u00f0arstemningu ver\u00f0i vi\u00f0haldi\u00f0 um kv\u00f6ldi\u00f0.<\/span><\/p>\t\t\t\t\t\t\t\t<\/div>\n\t\t\t\t<\/div>\n\t\t\t\t<div class=\"elementor-element elementor-element-7a6786a elementor-widget elementor-widget-heading\" data-id=\"7a6786a\" data-element_type=\"widget\" data-widget_type=\"heading.default\">\n\t\t\t\t<div class=\"elementor-widget-container\">\n\t\t\t\t\t<h4 class=\"elementor-heading-title elementor-size-default\">b\u00f3ka\u00f0u n\u00fana!<\/h4>\t\t\t\t<\/div>\n\t\t\t\t<\/div>\n\t\t\t\t<div class=\"elementor-element elementor-element-f658884 elementor-widget elementor-widget-text-editor\" data-id=\"f658884\" data-element_type=\"widget\" data-widget_type=\"text-editor.default\">\n\t\t\t\t<div class=\"elementor-widget-container\">\n\t\t\t\t\t\t\t\t\t<p><span style=\"font-size: 16px;\">S\u00ed\u00f0asta \u00e1r komust f\u00e6rri a\u00f0 en vildu. Vi\u00f0 hvetjum \u00feig eindregi\u00f0 til a\u00f0 <\/span><strong style=\"font-family: inherit; font-style: inherit; font-variant-ligatures: inherit; font-variant-caps: inherit;\">tryggja \u00fe\u00e9r s\u00e6ti sem allra fyrst<\/strong><span style=\"font-size: 16px;\"> til a\u00f0 for\u00f0ast vonbrig\u00f0i.<\/span><\/p><p><em>Fyrir st\u00e6rri h\u00f3pa erum vi\u00f0 a\u00f0 sj\u00e1lfs\u00f6g\u00f0u opin til a\u00f0 r\u00e6\u00f0a a\u00f0rar m\u00f6gulegar dagsetningar.<\/em><\/p><p><strong>Me\u00f0 hl\u00fdrri h\u00e1ti\u00f0arkve\u00f0ju,<\/strong><br \/><strong>Starfsf\u00f3lk Landh\u00f3tels<\/strong><\/p><p><em>Ath. Gistin\u00e1ttaskattur 800 kr pr. herbergi pr n\u00f3tt er rukka\u00f0ur aukalega<\/em><\/p>\t\t\t\t\t\t\t\t<\/div>\n\t\t\t\t<\/div>\n\t\t\t\t<div class=\"elementor-element elementor-element-9be7fb8 elementor-widget elementor-widget-html\" data-id=\"9be7fb8\" data-element_type=\"widget\" data-widget_type=\"html.default\">\n\t\t\t\t<div class=\"elementor-widget-container\">\n\t\t\t\t\t<div style=\"text-align:center;padding-bottom:10px;\">\n<button style=\"background-color:#3c302a;color:#ffffff;font-weight:bold;line-height:40px;width:100px;\"; class=\"button\" onclick=\"Booking.Open({OfferID:853290});return false;\">B\u00f3ka N\u00fana<\/button>\n<\/div>\t\t\t\t<\/div>\n\t\t\t\t<\/div>\n\t\t\t\t\t<\/div>\n\t\t<\/div>\n\t\t\t\t\t<\/div>\n\t\t<\/section>\n\t\t\t\t<section class=\"elementor-section elementor-top-section elementor-element elementor-element-a423320 elementor-section-boxed elementor-section-height-default elementor-section-height-default\" data-id=\"a423320\" data-element_type=\"section\">\n\t\t\t\t\t\t\t<div class=\"elementor-background-overlay\"><\/div>\n\t\t\t\t\t\t\t<div class=\"elementor-container elementor-column-gap-default\">\n\t\t\t\t\t<div class=\"elementor-column elementor-col-100 elementor-top-column elementor-element elementor-element-f5a6f56\" data-id=\"f5a6f56\" data-element_type=\"column\">\n\t\t\t<div class=\"elementor-widget-wrap elementor-element-populated\">\n\t\t\t\t\t\t<div class=\"elementor-element elementor-element-d6e3284 elementor-widget elementor-widget-heading\" data-id=\"d6e3284\" data-element_type=\"widget\" data-widget_type=\"heading.default\">\n\t\t\t\t<div class=\"elementor-widget-container\">\n\t\t\t\t\t<h2 class=\"elementor-heading-title elementor-size-default\">matse\u00f0ill<\/h2>\t\t\t\t<\/div>\n\t\t\t\t<\/div>\n\t\t\t\t<div class=\"elementor-element elementor-element-d62ab00 elementor-widget elementor-widget-image\" data-id=\"d62ab00\" data-element_type=\"widget\" data-widget_type=\"image.default\">\n\t\t\t\t<div class=\"elementor-widget-container\">\n\t\t\t\t\t\t\t\t\t\t\t\t\t\t\t<img decoding=\"async\" width=\"592\" height=\"844\" src=\"https:\/\/landhotel.is\/wp-content\/uploads\/2025\/09\/jolahladbord-matsedill-2025.jpg\" class=\"attachment-large size-large wp-image-8029\" alt=\"\" srcset=\"https:\/\/landhotel.is\/wp-content\/uploads\/2025\/09\/jolahladbord-matsedill-2025.jpg 592w, https:\/\/landhotel.is\/wp-content\/uploads\/2025\/09\/jolahladbord-matsedill-2025-210x300.jpg 210w, https:\/\/landhotel.is\/wp-content\/uploads\/2025\/09\/jolahladbord-matsedill-2025-70x100.jpg 70w\" sizes=\"(max-width: 592px) 100vw, 592px\" \/>\t\t\t\t\t\t\t\t\t\t\t\t\t\t\t<\/div>\n\t\t\t\t<\/div>\n\t\t\t\t\t<\/div>\n\t\t<\/div>\n\t\t\t\t\t<\/div>\n\t\t<\/section>\n\t\t\t\t<\/div>\n\t\t","protected":false},"excerpt":{"rendered":"<p>hi\u00f0 formlega bo\u00f0skort \u00ed j\u00f3lagle\u00f0i og h\u00e1t\u00ed\u00f0arskap J\u00d3LAHLA\u00d0BOR\u00d0 \u00c1 LANDH\u00d3TELI 2025 Vir\u00f0ulegi gestur, Me\u00f0 mikilli gle\u00f0i bj\u00f3\u00f0um vi\u00f0 \u00fe\u00e9r og \u00fe\u00ednum a\u00f0 taka \u00fe\u00e1tt \u00ed hinni \u00e1rlegu j\u00f3lahef\u00f0 okkar \u2013 hinu s\u00edvins\u00e6la\u00a0J\u00f3lahla\u00f0bor\u00f0i \u00e1 Landh\u00f3teli sem er \u00ed samvinnu me\u00f0 snillingunum \u00ed M\u00falakaffi. dagsetningar Vi\u00f0 bj\u00f3\u00f0um upp \u00e1 \u00feessa einst\u00f6ku matarupplifun alla laugardaga fr\u00e1 8. n\u00f3vember<\/p>\n<a href=\"https:\/\/landhotel.is\/index.php\/jolahladbord-2025\" class=\"more-link\">Read More<\/a>","protected":false},"author":1,"featured_media":0,"parent":0,"menu_order":0,"comment_status":"closed","ping_status":"closed","template":"elementor_header_footer","meta":{"footnotes":""},"class_list":["post-6412","page","type-page","status-publish","hentry"],"yoast_head":"<!-- This site is optimized with the Yoast SEO Premium plugin v22.8 (Yoast SEO v24.3) - https:\/\/yoast.com\/wordpress\/plugins\/seo\/ -->\n<title>J\u00f3lahla\u00f0bor\u00f0 2025 - Landhotel<\/title>\n<meta name=\"description\" content=\"Hi\u00f0 vins\u00e6la j\u00f3lahla\u00f0bor\u00f0 Landh\u00f3tels ver\u00f0ur \u00ed bo\u00f0i alla laugardaga fr\u00e1 8. n\u00f3vember - 13. desember 2025.\" \/>\n<meta name=\"robots\" content=\"index, follow, max-snippet:-1, max-image-preview:large, max-video-preview:-1\" \/>\n<link rel=\"canonical\" href=\"https:\/\/landhotel.is\/index.php\/jolahladbord-2025\" \/>\n<meta property=\"og:locale\" content=\"en_US\" \/>\n<meta property=\"og:type\" content=\"article\" \/>\n<meta property=\"og:title\" content=\"J\u00f3lahla\u00f0bor\u00f0 2025\" \/>\n<meta property=\"og:description\" content=\"Hi\u00f0 vins\u00e6la j\u00f3lahla\u00f0bor\u00f0 Landh\u00f3tels ver\u00f0ur \u00ed bo\u00f0i alla laugardaga fr\u00e1 8. n\u00f3vember - 13. desember 2025.\" \/>\n<meta property=\"og:url\" content=\"https:\/\/landhotel.is\/index.php\/jolahladbord-2025\" \/>\n<meta property=\"og:site_name\" content=\"Landhotel\" \/>\n<meta property=\"article:publisher\" content=\"https:\/\/www.facebook.com\/landhotel.is\/\" \/>\n<meta property=\"article:modified_time\" content=\"2025-09-23T19:44:55+00:00\" \/>\n<meta property=\"og:image\" content=\"https:\/\/landhotel.is\/wp-content\/uploads\/2025\/09\/Copy-of-jolahladbord-2025-square-1.png\" \/>\n\t<meta property=\"og:image:width\" content=\"1080\" \/>\n\t<meta property=\"og:image:height\" content=\"1080\" \/>\n\t<meta property=\"og:image:type\" content=\"image\/png\" \/>\n<meta name=\"twitter:label1\" content=\"Est. reading time\" \/>\n\t<meta name=\"twitter:data1\" content=\"2 minutes\" \/>\n<script type=\"application\/ld+json\" class=\"yoast-schema-graph\">{\"@context\":\"https:\/\/schema.org\",\"@graph\":[{\"@type\":\"WebPage\",\"@id\":\"https:\/\/landhotel.is\/index.php\/jolahladbord-2025\",\"url\":\"https:\/\/landhotel.is\/index.php\/jolahladbord-2025\",\"name\":\"J\u00f3lahla\u00f0bor\u00f0 2025 - Landhotel\",\"isPartOf\":{\"@id\":\"https:\/\/landhotel.is\/#website\"},\"primaryImageOfPage\":{\"@id\":\"https:\/\/landhotel.is\/index.php\/jolahladbord-2025#primaryimage\"},\"image\":{\"@id\":\"https:\/\/landhotel.is\/index.php\/jolahladbord-2025#primaryimage\"},\"thumbnailUrl\":\"https:\/\/landhotel.is\/wp-content\/uploads\/2025\/09\/Copy-of-jolahladbord-2025-square-1.png\",\"datePublished\":\"2023-11-29T13:52:32+00:00\",\"dateModified\":\"2025-09-23T19:44:55+00:00\",\"description\":\"Hi\u00f0 vins\u00e6la j\u00f3lahla\u00f0bor\u00f0 Landh\u00f3tels ver\u00f0ur \u00ed bo\u00f0i alla laugardaga fr\u00e1 8. n\u00f3vember - 13. desember 2025.\",\"breadcrumb\":{\"@id\":\"https:\/\/landhotel.is\/index.php\/jolahladbord-2025#breadcrumb\"},\"inLanguage\":\"en-US\",\"potentialAction\":[{\"@type\":\"ReadAction\",\"target\":[\"https:\/\/landhotel.is\/index.php\/jolahladbord-2025\"]}]},{\"@type\":\"ImageObject\",\"inLanguage\":\"en-US\",\"@id\":\"https:\/\/landhotel.is\/index.php\/jolahladbord-2025#primaryimage\",\"url\":\"https:\/\/landhotel.is\/wp-content\/uploads\/2025\/09\/Copy-of-jolahladbord-2025-square-1.png\",\"contentUrl\":\"https:\/\/landhotel.is\/wp-content\/uploads\/2025\/09\/Copy-of-jolahladbord-2025-square-1.png\",\"width\":1080,\"height\":1080},{\"@type\":\"BreadcrumbList\",\"@id\":\"https:\/\/landhotel.is\/index.php\/jolahladbord-2025#breadcrumb\",\"itemListElement\":[{\"@type\":\"ListItem\",\"position\":1,\"name\":\"Home\",\"item\":\"https:\/\/landhotel.is\/\"},{\"@type\":\"ListItem\",\"position\":2,\"name\":\"J\u00f3lahla\u00f0bor\u00f0 2025\"}]},{\"@type\":\"WebSite\",\"@id\":\"https:\/\/landhotel.is\/#website\",\"url\":\"https:\/\/landhotel.is\/\",\"name\":\"Landhotel\",\"description\":\"\",\"publisher\":{\"@id\":\"https:\/\/landhotel.is\/#organization\"},\"potentialAction\":[{\"@type\":\"SearchAction\",\"target\":{\"@type\":\"EntryPoint\",\"urlTemplate\":\"https:\/\/landhotel.is\/?s={search_term_string}\"},\"query-input\":{\"@type\":\"PropertyValueSpecification\",\"valueRequired\":true,\"valueName\":\"search_term_string\"}}],\"inLanguage\":\"en-US\"},{\"@type\":\"Organization\",\"@id\":\"https:\/\/landhotel.is\/#organization\",\"name\":\"Landhotel\",\"url\":\"https:\/\/landhotel.is\/\",\"logo\":{\"@type\":\"ImageObject\",\"inLanguage\":\"en-US\",\"@id\":\"https:\/\/landhotel.is\/#\/schema\/logo\/image\/\",\"url\":\"https:\/\/landhotel.is\/wp-content\/uploads\/2020\/01\/logo-large-0000.png\",\"contentUrl\":\"https:\/\/landhotel.is\/wp-content\/uploads\/2020\/01\/logo-large-0000.png\",\"width\":622,\"height\":318,\"caption\":\"Landhotel\"},\"image\":{\"@id\":\"https:\/\/landhotel.is\/#\/schema\/logo\/image\/\"},\"sameAs\":[\"https:\/\/www.facebook.com\/landhotel.is\/\",\"https:\/\/www.instagram.com\/landhotel_is\/\",\"https:\/\/www.linkedin.com\/company\/landhotel-iceland\"]}]}<\/script>\n<!-- \/ Yoast SEO Premium plugin. -->","yoast_head_json":{"title":"J\u00f3lahla\u00f0bor\u00f0 2025 - Landhotel","description":"Hi\u00f0 vins\u00e6la j\u00f3lahla\u00f0bor\u00f0 Landh\u00f3tels ver\u00f0ur \u00ed bo\u00f0i alla laugardaga fr\u00e1 8. n\u00f3vember - 13. desember 2025.","robots":{"index":"index","follow":"follow","max-snippet":"max-snippet:-1","max-image-preview":"max-image-preview:large","max-video-preview":"max-video-preview:-1"},"canonical":"https:\/\/landhotel.is\/index.php\/jolahladbord-2025","og_locale":"en_US","og_type":"article","og_title":"J\u00f3lahla\u00f0bor\u00f0 2025","og_description":"Hi\u00f0 vins\u00e6la j\u00f3lahla\u00f0bor\u00f0 Landh\u00f3tels ver\u00f0ur \u00ed bo\u00f0i alla laugardaga fr\u00e1 8. n\u00f3vember - 13. desember 2025.","og_url":"https:\/\/landhotel.is\/index.php\/jolahladbord-2025","og_site_name":"Landhotel","article_publisher":"https:\/\/www.facebook.com\/landhotel.is\/","article_modified_time":"2025-09-23T19:44:55+00:00","og_image":[{"width":1080,"height":1080,"url":"https:\/\/landhotel.is\/wp-content\/uploads\/2025\/09\/Copy-of-jolahladbord-2025-square-1.png","type":"image\/png"}],"twitter_misc":{"Est. reading time":"2 minutes"},"schema":{"@context":"https:\/\/schema.org","@graph":[{"@type":"WebPage","@id":"https:\/\/landhotel.is\/index.php\/jolahladbord-2025","url":"https:\/\/landhotel.is\/index.php\/jolahladbord-2025","name":"J\u00f3lahla\u00f0bor\u00f0 2025 - Landhotel","isPartOf":{"@id":"https:\/\/landhotel.is\/#website"},"primaryImageOfPage":{"@id":"https:\/\/landhotel.is\/index.php\/jolahladbord-2025#primaryimage"},"image":{"@id":"https:\/\/landhotel.is\/index.php\/jolahladbord-2025#primaryimage"},"thumbnailUrl":"https:\/\/landhotel.is\/wp-content\/uploads\/2025\/09\/Copy-of-jolahladbord-2025-square-1.png","datePublished":"2023-11-29T13:52:32+00:00","dateModified":"2025-09-23T19:44:55+00:00","description":"Hi\u00f0 vins\u00e6la j\u00f3lahla\u00f0bor\u00f0 Landh\u00f3tels ver\u00f0ur \u00ed bo\u00f0i alla laugardaga fr\u00e1 8. n\u00f3vember - 13. desember 2025.","breadcrumb":{"@id":"https:\/\/landhotel.is\/index.php\/jolahladbord-2025#breadcrumb"},"inLanguage":"en-US","potentialAction":[{"@type":"ReadAction","target":["https:\/\/landhotel.is\/index.php\/jolahladbord-2025"]}]},{"@type":"ImageObject","inLanguage":"en-US","@id":"https:\/\/landhotel.is\/index.php\/jolahladbord-2025#primaryimage","url":"https:\/\/landhotel.is\/wp-content\/uploads\/2025\/09\/Copy-of-jolahladbord-2025-square-1.png","contentUrl":"https:\/\/landhotel.is\/wp-content\/uploads\/2025\/09\/Copy-of-jolahladbord-2025-square-1.png","width":1080,"height":1080},{"@type":"BreadcrumbList","@id":"https:\/\/landhotel.is\/index.php\/jolahladbord-2025#breadcrumb","itemListElement":[{"@type":"ListItem","position":1,"name":"Home","item":"https:\/\/landhotel.is\/"},{"@type":"ListItem","position":2,"name":"J\u00f3lahla\u00f0bor\u00f0 2025"}]},{"@type":"WebSite","@id":"https:\/\/landhotel.is\/#website","url":"https:\/\/landhotel.is\/","name":"Landhotel","description":"","publisher":{"@id":"https:\/\/landhotel.is\/#organization"},"potentialAction":[{"@type":"SearchAction","target":{"@type":"EntryPoint","urlTemplate":"https:\/\/landhotel.is\/?s={search_term_string}"},"query-input":{"@type":"PropertyValueSpecification","valueRequired":true,"valueName":"search_term_string"}}],"inLanguage":"en-US"},{"@type":"Organization","@id":"https:\/\/landhotel.is\/#organization","name":"Landhotel","url":"https:\/\/landhotel.is\/","logo":{"@type":"ImageObject","inLanguage":"en-US","@id":"https:\/\/landhotel.is\/#\/schema\/logo\/image\/","url":"https:\/\/landhotel.is\/wp-content\/uploads\/2020\/01\/logo-large-0000.png","contentUrl":"https:\/\/landhotel.is\/wp-content\/uploads\/2020\/01\/logo-large-0000.png","width":622,"height":318,"caption":"Landhotel"},"image":{"@id":"https:\/\/landhotel.is\/#\/schema\/logo\/image\/"},"sameAs":["https:\/\/www.facebook.com\/landhotel.is\/","https:\/\/www.instagram.com\/landhotel_is\/","https:\/\/www.linkedin.com\/company\/landhotel-iceland"]}]}},"_links":{"self":[{"href":"https:\/\/landhotel.is\/index.php\/wp-json\/wp\/v2\/pages\/6412","targetHints":{"allow":["GET"]}}],"collection":[{"href":"https:\/\/landhotel.is\/index.php\/wp-json\/wp\/v2\/pages"}],"about":[{"href":"https:\/\/landhotel.is\/index.php\/wp-json\/wp\/v2\/types\/page"}],"author":[{"embeddable":true,"href":"https:\/\/landhotel.is\/index.php\/wp-json\/wp\/v2\/users\/1"}],"replies":[{"embeddable":true,"href":"https:\/\/landhotel.is\/index.php\/wp-json\/wp\/v2\/comments?post=6412"}],"version-history":[{"count":86,"href":"https:\/\/landhotel.is\/index.php\/wp-json\/wp\/v2\/pages\/6412\/revisions"}],"predecessor-version":[{"id":8041,"href":"https:\/\/landhotel.is\/index.php\/wp-json\/wp\/v2\/pages\/6412\/revisions\/8041"}],"wp:attachment":[{"href":"https:\/\/landhotel.is\/index.php\/wp-json\/wp\/v2\/media?parent=6412"}],"curies":[{"name":"wp","href":"https:\/\/api.w.org\/{rel}","templated":true}]}}