{"id":62,"date":"2018-03-03T19:06:28","date_gmt":"2018-03-03T19:06:28","guid":{"rendered":"http:\/\/landhotel.is\/wordpress\/?page_id=62"},"modified":"2020-02-13T17:19:20","modified_gmt":"2020-02-13T17:19:20","slug":"about","status":"publish","type":"page","link":"https:\/\/landhotel.is\/index.php\/about","title":{"rendered":"Our location"},"content":{"rendered":"<section class=\"wpb-content-wrapper\"><p>[vc_row][vc_column][vc_column_text]<em><strong>At Landhotel<\/strong><\/em> you are immersed by true Icelandic nature . The stragetic location of the hotel gives our customers the availability to take day tours to the most popular places of interest in the southern part of the country.<\/p>\n<p><strong><em>Landhotel <\/em><\/strong>is located at the road Landvegur (no. 26) and approximately 100 km from the Capital Reykjav\u00edk.\u00a0 Landvegur is a popular road to travel when going to the volcano Hekla or Landmannalaugar (The Rainbow Mountains, 90 km), one of our most magnificent place in Iceland where approximately 200.000 tourists visit\u00a0 annually.\u00a0 Only 12 km away is Laugaland where there is public pool among various services and\u00a0within 2 hours away are the most scenic places in South Iceland, for ex. Gullfoss, Hekla, V\u00edk \u00ed M\u00fdrdal, Skaftafell, Blue Lagoon, Westman Islands along with endless list of leisure activities like glacier trips, jeep travel, horseback riding, museums, river rafting, hiking, diving, golf and so much more.\u00a0 Please click on below map to zoom in.[\/vc_column_text][\/vc_column][\/vc_row][vc_row equal_height=&#8221;yes&#8221;][vc_column width=&#8221;1\/2&#8243;]<h3 class=\"center-title\">Nearby places of interest<\/h3><div class=\"title-block-1\"><\/div>[vc_column_text]<\/p>\n<ul>\n<li><strong><em>Hekla<\/em><\/strong>, the most active Volcano in Iceland (51km)<\/li>\n<li><strong><em>Leirubakki <\/em><\/strong>, Hekla Center (14km)<\/li>\n<li><strong><em>Laugaland<\/em><\/strong>, Swimming pool, heated all year round (15 km)<\/li>\n<li><strong><em>Landmannalaugar<\/em><\/strong>, famous for its colorful scenery and geothermal activity (98km)<\/li>\n<li><strong><em>Thj\u00f3rs\u00e1rdalur<\/em><\/strong>, with its waterfalls and great hiking trails (70 km)<\/li>\n<li><strong><em>Hella<\/em><\/strong>, with its visitor center Sagnargardur (27km)<\/li>\n<li><strong><em>Hvolsv\u00f6llur <\/em><\/strong>has a Njals Saga Center and a brand new Lava Center (34km)<\/li>\n<li><strong><em>Gullfoss<\/em><\/strong>, Icelandic most visited waterfall (70 km)<\/li>\n<li><strong><em>Geysir<\/em><\/strong>, geothermal area with geysir and hotsprings (60 km)<\/li>\n<li><em><strong>Hellar<\/strong><\/em>, The largest man made settlement cave in Iceland (15 km)<\/li>\n<li><em><strong>Westman Islands<\/strong><\/em> (78km)<\/li>\n<\/ul>\n<p>[\/vc_column_text][\/vc_column][vc_column width=&#8221;1\/2&#8243;][vc_single_image image=&#8221;1960&#8243; img_size=&#8221;full&#8221; alignment=&#8221;center&#8221; onclick=&#8221;link_image&#8221;][\/vc_column][\/vc_row][vc_row top_padding=&#8221;20&#8243;][vc_column][vc_row_inner][vc_column_inner][vc_gmaps link=&#8221;#E-8_JTNDaWZyYW1lJTIwZnJhbWVib3JkZXIlM0QlMjIwJTIyJTBBd2lkdGglM0QlMjI4MDBweCUyMiUwQWhlaWdodCUzRCUyMjQwMHB4JTIyJTBBc3JjJTNEJTIyaHR0cHMlM0ElMkYlMkZqYS5pcyUyRndlYmFwaSUyRmtvcnQlMkYlM0Z4JTNENDE4OTYzJTI2eSUzRDM4NTc3NCUyNnolM0QyJTI2bGF5ZXIlM0RtYXAlMjZxJTNEaG9wdW4lMjUzQWgxMDEwOTkzNyUyMiUwQSUzRSUzQyUyRmlmcmFtZSUzRSUyMA==&#8221; size=&#8221;&#8221;][\/vc_column_inner][\/vc_row_inner][\/vc_column][\/vc_row]<\/p>\n<\/section>","protected":false},"excerpt":{"rendered":"<p>[vc_row][vc_column][vc_column_text]At Landhotel you are immersed by true Icelandic nature . The stragetic location of the hotel gives our customers the availability to take day tours to the most popular places of interest in the southern part of the country. Landhotel is located at the road Landvegur (no. 26) and approximately 100 km from the Capital<\/p>\n<a href=\"https:\/\/landhotel.is\/index.php\/about\" class=\"more-link\">Read More<\/a>","protected":false},"author":1,"featured_media":0,"parent":0,"menu_order":0,"comment_status":"closed","ping_status":"closed","template":"","meta":{"footnotes":""},"class_list":["post-62","page","type-page","status-publish","hentry"],"yoast_head":"<!-- This site is optimized with the Yoast SEO Premium plugin v22.8 (Yoast SEO v24.3) - https:\/\/yoast.com\/wordpress\/plugins\/seo\/ -->\n<title>Our location - Landhotel<\/title>\n<meta name=\"robots\" content=\"index, follow, max-snippet:-1, max-image-preview:large, max-video-preview:-1\" \/>\n<link rel=\"canonical\" href=\"https:\/\/landhotel.is\/index.php\/about\" \/>\n<meta property=\"og:locale\" content=\"en_US\" \/>\n<meta property=\"og:type\" content=\"article\" \/>\n<meta property=\"og:title\" content=\"Our location\" \/>\n<meta property=\"og:description\" content=\"[vc_row][vc_column][vc_column_text]At Landhotel you are immersed by true Icelandic nature . The stragetic location of the hotel gives our customers the availability to take day tours to the most popular places of interest in the southern part of the country. Landhotel is located at the road Landvegur (no. 26) and approximately 100 km from the Capital\" \/>\n<meta property=\"og:url\" content=\"https:\/\/landhotel.is\/index.php\/about\" \/>\n<meta property=\"og:site_name\" content=\"Landhotel\" \/>\n<meta property=\"article:publisher\" content=\"https:\/\/www.facebook.com\/landhotel.is\/\" \/>\n<meta property=\"article:modified_time\" content=\"2020-02-13T17:19:20+00:00\" \/>\n<meta property=\"og:image\" content=\"https:\/\/landhotel.is\/wp-content\/uploads\/2019\/08\/nordurljos.jpg\" \/>\n\t<meta property=\"og:image:width\" content=\"1280\" \/>\n\t<meta property=\"og:image:height\" content=\"853\" \/>\n\t<meta property=\"og:image:type\" content=\"image\/jpeg\" \/>\n<meta name=\"twitter:label1\" content=\"Est. reading time\" \/>\n\t<meta name=\"twitter:data1\" content=\"2 minutes\" \/>\n<script type=\"application\/ld+json\" class=\"yoast-schema-graph\">{\"@context\":\"https:\/\/schema.org\",\"@graph\":[{\"@type\":\"WebPage\",\"@id\":\"https:\/\/landhotel.is\/index.php\/about\",\"url\":\"https:\/\/landhotel.is\/index.php\/about\",\"name\":\"Our location - Landhotel\",\"isPartOf\":{\"@id\":\"https:\/\/landhotel.is\/#website\"},\"datePublished\":\"2018-03-03T19:06:28+00:00\",\"dateModified\":\"2020-02-13T17:19:20+00:00\",\"breadcrumb\":{\"@id\":\"https:\/\/landhotel.is\/index.php\/about#breadcrumb\"},\"inLanguage\":\"en-US\",\"potentialAction\":[{\"@type\":\"ReadAction\",\"target\":[\"https:\/\/landhotel.is\/index.php\/about\"]}]},{\"@type\":\"BreadcrumbList\",\"@id\":\"https:\/\/landhotel.is\/index.php\/about#breadcrumb\",\"itemListElement\":[{\"@type\":\"ListItem\",\"position\":1,\"name\":\"Home\",\"item\":\"https:\/\/landhotel.is\/\"},{\"@type\":\"ListItem\",\"position\":2,\"name\":\"Our location\"}]},{\"@type\":\"WebSite\",\"@id\":\"https:\/\/landhotel.is\/#website\",\"url\":\"https:\/\/landhotel.is\/\",\"name\":\"Landhotel\",\"description\":\"\",\"publisher\":{\"@id\":\"https:\/\/landhotel.is\/#organization\"},\"potentialAction\":[{\"@type\":\"SearchAction\",\"target\":{\"@type\":\"EntryPoint\",\"urlTemplate\":\"https:\/\/landhotel.is\/?s={search_term_string}\"},\"query-input\":{\"@type\":\"PropertyValueSpecification\",\"valueRequired\":true,\"valueName\":\"search_term_string\"}}],\"inLanguage\":\"en-US\"},{\"@type\":\"Organization\",\"@id\":\"https:\/\/landhotel.is\/#organization\",\"name\":\"Landhotel\",\"url\":\"https:\/\/landhotel.is\/\",\"logo\":{\"@type\":\"ImageObject\",\"inLanguage\":\"en-US\",\"@id\":\"https:\/\/landhotel.is\/#\/schema\/logo\/image\/\",\"url\":\"https:\/\/landhotel.is\/wp-content\/uploads\/2020\/01\/logo-large-0000.png\",\"contentUrl\":\"https:\/\/landhotel.is\/wp-content\/uploads\/2020\/01\/logo-large-0000.png\",\"width\":622,\"height\":318,\"caption\":\"Landhotel\"},\"image\":{\"@id\":\"https:\/\/landhotel.is\/#\/schema\/logo\/image\/\"},\"sameAs\":[\"https:\/\/www.facebook.com\/landhotel.is\/\",\"https:\/\/www.instagram.com\/landhotel_is\/\",\"https:\/\/www.linkedin.com\/company\/landhotel-iceland\"]}]}<\/script>\n<!-- \/ Yoast SEO Premium plugin. -->","yoast_head_json":{"title":"Our location - Landhotel","robots":{"index":"index","follow":"follow","max-snippet":"max-snippet:-1","max-image-preview":"max-image-preview:large","max-video-preview":"max-video-preview:-1"},"canonical":"https:\/\/landhotel.is\/index.php\/about","og_locale":"en_US","og_type":"article","og_title":"Our location","og_description":"[vc_row][vc_column][vc_column_text]At Landhotel you are immersed by true Icelandic nature . The stragetic location of the hotel gives our customers the availability to take day tours to the most popular places of interest in the southern part of the country. Landhotel is located at the road Landvegur (no. 26) and approximately 100 km from the Capital","og_url":"https:\/\/landhotel.is\/index.php\/about","og_site_name":"Landhotel","article_publisher":"https:\/\/www.facebook.com\/landhotel.is\/","article_modified_time":"2020-02-13T17:19:20+00:00","og_image":[{"width":1280,"height":853,"url":"https:\/\/landhotel.is\/wp-content\/uploads\/2019\/08\/nordurljos.jpg","type":"image\/jpeg"}],"twitter_misc":{"Est. reading time":"2 minutes"},"schema":{"@context":"https:\/\/schema.org","@graph":[{"@type":"WebPage","@id":"https:\/\/landhotel.is\/index.php\/about","url":"https:\/\/landhotel.is\/index.php\/about","name":"Our location - Landhotel","isPartOf":{"@id":"https:\/\/landhotel.is\/#website"},"datePublished":"2018-03-03T19:06:28+00:00","dateModified":"2020-02-13T17:19:20+00:00","breadcrumb":{"@id":"https:\/\/landhotel.is\/index.php\/about#breadcrumb"},"inLanguage":"en-US","potentialAction":[{"@type":"ReadAction","target":["https:\/\/landhotel.is\/index.php\/about"]}]},{"@type":"BreadcrumbList","@id":"https:\/\/landhotel.is\/index.php\/about#breadcrumb","itemListElement":[{"@type":"ListItem","position":1,"name":"Home","item":"https:\/\/landhotel.is\/"},{"@type":"ListItem","position":2,"name":"Our location"}]},{"@type":"WebSite","@id":"https:\/\/landhotel.is\/#website","url":"https:\/\/landhotel.is\/","name":"Landhotel","description":"","publisher":{"@id":"https:\/\/landhotel.is\/#organization"},"potentialAction":[{"@type":"SearchAction","target":{"@type":"EntryPoint","urlTemplate":"https:\/\/landhotel.is\/?s={search_term_string}"},"query-input":{"@type":"PropertyValueSpecification","valueRequired":true,"valueName":"search_term_string"}}],"inLanguage":"en-US"},{"@type":"Organization","@id":"https:\/\/landhotel.is\/#organization","name":"Landhotel","url":"https:\/\/landhotel.is\/","logo":{"@type":"ImageObject","inLanguage":"en-US","@id":"https:\/\/landhotel.is\/#\/schema\/logo\/image\/","url":"https:\/\/landhotel.is\/wp-content\/uploads\/2020\/01\/logo-large-0000.png","contentUrl":"https:\/\/landhotel.is\/wp-content\/uploads\/2020\/01\/logo-large-0000.png","width":622,"height":318,"caption":"Landhotel"},"image":{"@id":"https:\/\/landhotel.is\/#\/schema\/logo\/image\/"},"sameAs":["https:\/\/www.facebook.com\/landhotel.is\/","https:\/\/www.instagram.com\/landhotel_is\/","https:\/\/www.linkedin.com\/company\/landhotel-iceland"]}]}},"_links":{"self":[{"href":"https:\/\/landhotel.is\/index.php\/wp-json\/wp\/v2\/pages\/62","targetHints":{"allow":["GET"]}}],"collection":[{"href":"https:\/\/landhotel.is\/index.php\/wp-json\/wp\/v2\/pages"}],"about":[{"href":"https:\/\/landhotel.is\/index.php\/wp-json\/wp\/v2\/types\/page"}],"author":[{"embeddable":true,"href":"https:\/\/landhotel.is\/index.php\/wp-json\/wp\/v2\/users\/1"}],"replies":[{"embeddable":true,"href":"https:\/\/landhotel.is\/index.php\/wp-json\/wp\/v2\/comments?post=62"}],"version-history":[{"count":36,"href":"https:\/\/landhotel.is\/index.php\/wp-json\/wp\/v2\/pages\/62\/revisions"}],"predecessor-version":[{"id":1964,"href":"https:\/\/landhotel.is\/index.php\/wp-json\/wp\/v2\/pages\/62\/revisions\/1964"}],"wp:attachment":[{"href":"https:\/\/landhotel.is\/index.php\/wp-json\/wp\/v2\/media?parent=62"}],"curies":[{"name":"wp","href":"https:\/\/api.w.org\/{rel}","templated":true}]}}